{"id":2526,"date":"2025-11-16T20:03:34","date_gmt":"2025-11-16T20:03:34","guid":{"rendered":"https:\/\/flowdurance.com\/?post_type=product&#038;p=2526"},"modified":"2026-02-14T19:24:23","modified_gmt":"2026-02-14T19:24:23","slug":"fuel-your-run-t-shirt","status":"publish","type":"product","link":"https:\/\/flowdurance.com\/sl\/shop\/fuel-your-run-t-shirt\/","title":{"rendered":"Fuel Your Run t-shirt"},"content":{"rendered":"<p>Ko stopi\u0161 iz hi\u0161e, se za\u010dne tvoj ritual. Jutranji zrak, prvo sonce, tihi ritem korakov\u2026 In majica, ki te spomni, zakaj dela\u0161 to, kar dela\u0161. Fuel Your Run ni samo bomba\u017ena majica \u2014 je del tvoje identitete. Zasnovana za ljudi, ki \u017eivijo v gibanju, za tiste, ki \u010dutijo, da se najbolj\u0161i trenutki zgodijo tam, kjer se asfalt ali stezica sre\u010data s tvojo odlo\u010ditvijo, da gre\u0161 naprej.<\/p>\n<p>Izdelana je iz 100% bomba\u017ea, izjemno mehka in prijetna, ustvarjena za vsakodnevne rituale \u2014 slu\u017ebo, trening, dru\u017einske trenutke ali spontane izlete v naravo. Je majica, ki zdr\u017ei hitrej\u0161i tempo \u017eivljenja in obenem ostane elegantno preprosta, da jo lahko nosi\u0161 kjerkoli.<\/p>\n<p>Fuel Your Run potisk je minimalisti\u010den, \u010dist in mo\u010dno simboli\u010den. Pove tisto, kar \u017eivi\u0161: tvoj tek ni le \u0161port, je na\u010din razmi\u0161ljanja.<\/p>\n<p>Zakaj izbrati to majico?<\/p>\n<p>\u2022Udobje skozi cel dan \u2014 mehka, zra\u010dna in prijazna do ko\u017ee<\/p>\n<p>\u2022 Univerzalen lifestyle kos \u2014 od jutranjega mestnega rituala do popoldanskih kilometrov<\/p>\n<p>\u2022Minimalisti\u010den dizajn \u2014 primerna za vsak stil in vsako situacijo<\/p>\n<p>\u2022Za teka\u010de, ki razmi\u0161ljajo \u0161ir\u0161e \u2014 za ljudi, ki ostanejo zvesti sebi in svojim ciljem<\/p>\n<p>&nbsp;<\/p>\n<p>Majica je true to size <strong data-start=\"320\" data-end=\"336\">(ustreza obi\u010dajni velikosti).<\/strong>,<\/p>","protected":false},"excerpt":{"rendered":"<p>Ko stopi\u0161 iz hi\u0161e, se za\u010dne tvoj ritual. Jutranji zrak, prvo sonce, tihi ritem korakov\u2026 In majica, ki te spomni, zakaj dela\u0161 to, kar dela\u0161. Fuel Your Run ni samo bomba\u017ena majica \u2014 je del tvoje identitete. Zasnovana za ljudi, ki \u017eivijo v gibanju, za tiste, ki \u010dutijo, da se najbolj\u0161i trenutki zgodijo tam, kjer se asfalt ali stezica sre\u010data s tvojo odlo\u010ditvijo, da gre\u0161 naprej.<\/p>\n<p>&nbsp;<\/p>","protected":false},"featured_media":2542,"template":"","meta":{"_gspb_post_css":"","_themeisle_gutenberg_block_has_review":false},"product_brand":[],"product_cat":[50],"product_tag":[],"class_list":{"0":"post-2526","1":"product","2":"type-product","3":"status-publish","4":"has-post-thumbnail","6":"product_cat-clothing","8":"first","9":"instock","10":"taxable","11":"shipping-taxable","12":"purchasable","13":"product-type-variable"},"bundled_by":[],"bundle_stock_status":"instock","bundle_stock_quantity":null,"bundle_virtual":false,"bundle_layout":"","bundle_add_to_cart_form_location":"","bundle_editable_in_cart":false,"bundle_sold_individually_context":"","bundle_item_grouping":"","bundle_min_size":"","bundle_max_size":"","bundle_price":[],"bundled_items":[],"bundle_sell_ids":[],"jetpack_sharing_enabled":true,"_links":{"self":[{"href":"https:\/\/flowdurance.com\/sl\/wp-json\/wp\/v2\/product\/2526","targetHints":{"allow":["GET"]}}],"collection":[{"href":"https:\/\/flowdurance.com\/sl\/wp-json\/wp\/v2\/product"}],"about":[{"href":"https:\/\/flowdurance.com\/sl\/wp-json\/wp\/v2\/types\/product"}],"wp:featuredmedia":[{"embeddable":true,"href":"https:\/\/flowdurance.com\/sl\/wp-json\/wp\/v2\/media\/2542"}],"wp:attachment":[{"href":"https:\/\/flowdurance.com\/sl\/wp-json\/wp\/v2\/media?parent=2526"}],"wp:term":[{"taxonomy":"product_brand","embeddable":true,"href":"https:\/\/flowdurance.com\/sl\/wp-json\/wp\/v2\/product_brand?post=2526"},{"taxonomy":"product_cat","embeddable":true,"href":"https:\/\/flowdurance.com\/sl\/wp-json\/wp\/v2\/product_cat?post=2526"},{"taxonomy":"product_tag","embeddable":true,"href":"https:\/\/flowdurance.com\/sl\/wp-json\/wp\/v2\/product_tag?post=2526"}],"curies":[{"name":"wp","href":"https:\/\/api.w.org\/{rel}","templated":true}]}}