{"id":2009,"date":"2025-09-11T16:18:51","date_gmt":"2025-09-11T16:18:51","guid":{"rendered":"https:\/\/flowdurance.com\/?post_type=product&#038;p=2009"},"modified":"2026-04-17T10:36:34","modified_gmt":"2026-04-17T10:36:34","slug":"fuel-performance-beetberry-guarana","status":"publish","type":"product","link":"https:\/\/flowdurance.com\/sl\/shop\/fuel-performance-beetberry-guarana\/","title":{"rendered":"Fuel Performance BeetBerry Guarana"},"content":{"rendered":"<p>Fuel je tvoja popolna pomo\u010d pri vzdr\u017eljivosti, zasnovan za ve\u010djo zmogljivost in hitrej\u0161e okrevanje.<\/p>\n<ul>\n<li>Performance Matrix: me\u0161anica citrulin malata, izvle\u010dka rde\u010de pese, beta-alanina, tavrina, tirozina, ginsenga in ro\u017enega korena. Ustvarjena za izbolj\u0161anje pretoka krvi, energije, fokusa in vzdr\u017eljivosti.<\/li>\n<li>Shield Matrix: \u0161\u010dit za regeneracijo, sestavljen iz BCAA, glutamina in HMB \u2013 \u0161\u010diti mi\u0161ice pred razgradnjo, podpira prebavni sistem in imunsko zdravje ter pospe\u0161i regeneracijo po intenzivnem naporu.<\/li>\n<\/ul>\n<p>Kako uporabljati: Zme\u0161aj 2 vre\u010dici (28 g) s 500\u2013600 ml hladne vode, dobro preme\u0161aj in zau\u017eij 30\u201345 minut pred aktivnostjo.<\/p>\n<p>\u010ce je tvoja aktivnost dalj\u0161a, na primer ultra trail tek, zau\u017eij dodatno vre\u010dico (14 g) vsake 3 ure.<\/p>\n<p>Ne presezi 5 vre\u010dic na dan.<\/p>\n<p>Opozorilo: Fuel je prehransko dopolnilo in ne sme nadome\u0161\u010dati raznolike, uravnote\u017eene prehrane ter zdravega na\u010dina \u017eivljenja. Vedno poskrbi za pravo, uravnote\u017eeno in raznoliko prehrano. \u010ce si nose\u010da, doji\u0161, si mlaj\u0161i\/-a od 18 let ali ima\u0161 kakr\u0161nokoli zdravstveno stanje, se pred uporabo posvetuj z zdravnikom ali zdravstvenim strokovnjakom.<\/p>\n<p>Kaj je Fuel?<\/p>\n<p>Fuel je napredno prehransko dopolnilo za vzdr\u017eljivostne \u0161portnike, trail teka\u010de in vse, ki premikajo svoje meje. Zdru\u017euje dve formuli \u2013 Performance Matrix in Shield Matrix. Za energijo, fokus in odpornost, ki jih potrebuje\u0161 za vrhunsko izvedbo, hkrati pa tvoje telo za\u0161\u010diti pred stresom intenzivnega treninga.<\/p>\n<ul>\n<li>Performance Matrix zdru\u017euje citrulin malat, rde\u010do peso, beta-alanin, tavrin, tirozin, ginseng in ro\u017eni koren za izbolj\u0161an pretok krvi, bolj\u0161o izrabo kisika, ve\u010djo mentalno ostrino in manj utrujenosti. Rezultat: enakomerna energija, ve\u010dja vzdr\u017eljivost in bolj\u0161a zmogljivost, ko jo najbolj potrebuje\u0161.<\/li>\n<li>Shield Matrix vsebuje kombinacijo BCAA, glutamina in HMB, ki zmanj\u0161ujejo razgradnjo mi\u0161ic, pospe\u0161ujejo regeneracijo ter podpirajo imunski in prebavni sistem. Deluje kot obrambni sistem tvojega telesa, ki te ohranja odpornega med in po te\u017ekih naporih.<\/li>\n<\/ul>\n<p>Zakaj piti Fuel?<\/p>\n<p>Ker te trening in tekmovanja pogosto potisnejo dlje, kot ti lahko zagotovi samo hrana. Fuel je zasnovan, da zapolni to vrzel \u2013 ponudi ciljno podporo za izbolj\u0161anje vzdr\u017eljivosti, odlo\u017ei utrujenost in pospe\u0161i okrevanje, da lahko trenira\u0161, tekmuje\u0161 in ostane\u0161 zbran.<\/p>\n<p>Fuel ni zamenjava za pravo hrano, ampak dodatna prednost, ki jo tvoje telo potrebuje, da dose\u017ee in ohrani najvi\u0161jo raven zmogljivosti.<\/p>\n<p><strong data-start=\"319\" data-end=\"336\">Naro\u010dnina:<\/strong> Brez dolgoro\u010dne vezave. Prekli\u010de\u0161, kadar \u017eeli\u0161.<\/p>","protected":false},"excerpt":{"rendered":"<p><strong data-start=\"127\" data-end=\"165\">Fuel \u2013 Vzdr\u017eljivost in regeneracija v enem<\/strong><br \/>\nFuel je tvoja popolna pomo\u010d pri vzdr\u017eljivosti, zasnovan za ve\u010djo zmogljivost in hitrej\u0161e okrevanje.<br \/>\n<strong data-start=\"265\" data-end=\"288\">Performance Matrix:<\/strong>\u00a0me\u0161anica citrulin malata, izvle\u010dka rde\u010de pese, beta-alanina, tavrina, tirozina, ginsenga in ro\u017enega korena. Ustvarjena za izbolj\u0161anje pretoka krvi, energije, fokusa in vzdr\u017eljivosti.<br \/>\n<strong data-start=\"458\" data-end=\"476\">Shield Matrix:<\/strong>\u00a0\u0161\u010dit za regeneracijo, sestavljen iz BCAA, glutamina in HMB \u2013 \u0161\u010diti mi\u0161ice pred razgradnjo, podpira prebavni sistem in imunsko zdravje ter pospe\u0161i regeneracijo po intenzivnem naporu.<br \/>\n<strong data-start=\"591\" data-end=\"606\">Kako uporabljati:<\/strong> Mix 2 sachets (28 g) with 500\u2013600 ml cold water and drink 30\u201345 min before activity. For longer sessions, add 1 sachet (14 g) every 3 hours. Do not exceed 5 per day.<\/p>\n<p>\u26a1\ufe0f\u00a0<strong data-start=\"807\" data-end=\"928\">Fuel ni zamenjava za pravo hrano, ampak dodatna prednost, ki jo tvoje telo potrebuje, da dose\u017ee in ohrani najvi\u0161jo raven zmogljivosti.<\/strong><\/p>","protected":false},"featured_media":2307,"template":"","meta":{"_gspb_post_css":"","_themeisle_gutenberg_block_has_review":false},"product_brand":[],"product_cat":[31],"product_tag":[],"class_list":{"0":"post-2009","1":"product","2":"type-product","3":"status-publish","4":"has-post-thumbnail","6":"product_cat-drinks","8":"first","9":"instock","10":"featured","11":"purchasable","12":"product-type-simple"},"bundled_by":["2117","2117","2807"],"bundle_stock_status":"instock","bundle_stock_quantity":712,"bundle_virtual":false,"bundle_layout":"","bundle_add_to_cart_form_location":"","bundle_editable_in_cart":false,"bundle_sold_individually_context":"","bundle_item_grouping":"","bundle_min_size":"","bundle_max_size":"","bundle_price":[],"bundled_items":[],"bundle_sell_ids":[],"jetpack_sharing_enabled":true,"_links":{"self":[{"href":"https:\/\/flowdurance.com\/sl\/wp-json\/wp\/v2\/product\/2009","targetHints":{"allow":["GET"]}}],"collection":[{"href":"https:\/\/flowdurance.com\/sl\/wp-json\/wp\/v2\/product"}],"about":[{"href":"https:\/\/flowdurance.com\/sl\/wp-json\/wp\/v2\/types\/product"}],"wp:featuredmedia":[{"embeddable":true,"href":"https:\/\/flowdurance.com\/sl\/wp-json\/wp\/v2\/media\/2307"}],"wp:attachment":[{"href":"https:\/\/flowdurance.com\/sl\/wp-json\/wp\/v2\/media?parent=2009"}],"wp:term":[{"taxonomy":"product_brand","embeddable":true,"href":"https:\/\/flowdurance.com\/sl\/wp-json\/wp\/v2\/product_brand?post=2009"},{"taxonomy":"product_cat","embeddable":true,"href":"https:\/\/flowdurance.com\/sl\/wp-json\/wp\/v2\/product_cat?post=2009"},{"taxonomy":"product_tag","embeddable":true,"href":"https:\/\/flowdurance.com\/sl\/wp-json\/wp\/v2\/product_tag?post=2009"}],"curies":[{"name":"wp","href":"https:\/\/api.w.org\/{rel}","templated":true}]}}