{"id":1645,"date":"2025-08-25T04:54:19","date_gmt":"2025-08-25T04:54:19","guid":{"rendered":"https:\/\/flowdurance.com\/?page_id=1645"},"modified":"2025-08-25T18:50:28","modified_gmt":"2025-08-25T18:50:28","slug":"10-reasons","status":"publish","type":"page","link":"https:\/\/flowdurance.com\/sl\/10-reasons\/","title":{"rendered":"10 Razlogov"},"content":{"rendered":"<div class=\"wp-block-greenshift-blocks-container gspb_container gspb_container-gsbp-d375882\" id=\"gspb_container-id-gsbp-d375882\">\n<p><strong>Zakaj uporabljati Fuel?<\/strong><\/p>\n\n\n\n<p><strong>&nbsp;10 razlogov, zakaj bi moral uporabljati Fuel<\/strong><\/p>\n\n\n\n<p><strong>1. Eksplozivna vzdr\u017eljivost \u2013 Citrulline Malate<\/strong><\/p>\n\n\n\n<p>Fuel vsebuje&nbsp;<strong>1000 mg citrulin malata<\/strong>, preverjenega \u201cboosterja\u201d du\u0161ikovega oksida. \u0160iri krvne \u017eile, izbolj\u0161uje prekrvavitev in pomaga dostavljati ve\u010d kisika ter hranil aktivnim mi\u0161icam. Rezultat? Mo\u010dnej\u0161i si na vzponih, manj utrujen in bolj zmogljiv tudi po urah aktivnosti.<\/p>\n\n\n\n<p>\u2e3b<\/p>\n\n\n\n<p><strong>2. Vsebuje ekstrakt rde\u010de pese<\/strong><\/p>\n\n\n\n<p>Z&nbsp;<strong>2000 mg ekstrakta rde\u010de pese<\/strong>&nbsp;Fuel dvigne raven du\u0161ikovega oksida, izbolj\u0161a izkori\u0161\u010danje kisika in upo\u010dasni nastop utrujenosti. To pomeni, da tvoje mi\u0161ice z manj napora zdr\u017eijo dlje. Naravna prednost za vzdr\u017eljivostne \u0161portnike in trail teka\u010de.<\/p>\n\n\n\n<p>\u2e3b<\/p>\n\n\n\n<p><strong>3. Prese\u017ei svoje meje z Beta-Alaninom<\/strong><\/p>\n\n\n\n<p>Tisti peko\u010d ob\u010dutek na dolgih vzponih? To je mle\u010dna kislina v mi\u0161icah.&nbsp;<strong>1500 mg beta-alanina<\/strong>&nbsp;bla\u017ei zakisanje, zato lahko dr\u017ei\u0161 vi\u0161ji tempo dlje, ne da bi popustile noge. Kot bi svojemu vzdr\u017eljivostnemu motorju dodal \u0161e eno prestavo.<\/p>\n\n\n\n<p>\u2e3b<\/p>\n\n\n\n<p><strong>4. Ostani mo\u010dan pod pritiskom \u2013 Tavrin<\/strong><\/p>\n\n\n\n<p><strong>1000 mg tavrina<\/strong>&nbsp;podpira hidracijo, ravnote\u017eje elektrolitov in delovanje mi\u0161ic. Pomaga prepre\u010devati kr\u010de. Ohranja srce in mi\u0161ice u\u010dinkovite tudi na dolgih strminah.<\/p>\n\n\n\n<p>\u2e3b<\/p>\n\n\n\n<p><strong>5. Oster um, bolj\u0161e odlo\u010ditve \u2013 L-Tirozin, Ginseng &amp; Rhodiola<\/strong><\/p>\n\n\n\n<p>Fuel ni samo za telo \u2013 je tudi za um.&nbsp;<strong>300 mg L-tirozina, 200 mg Panax ginsenga in 150 mg rhodiole<\/strong>te ohranja osredoto\u010denega, budnega in mentalno odpornega. Brez mo\u017eganske megle &#8211; \u201cBrain Fog\u201d po tretji uri teka \u2013 tvoj um ostane mo\u010dan kot tvoje noge.<\/p>\n\n\n\n<p>\u2e3b<\/p>\n\n\n\n<p><strong>6. Za\u0161\u010dita mi\u0161ic \u2013 BCAA<\/strong><\/p>\n\n\n\n<p>Naporne vadbe razgrajujejo mi\u0161ice.&nbsp;<strong>BCAA (1250 mg levcina, 625 mg izolevcina, 625 mg valina)<\/strong>oskrbijo telo z najpomembnej\u0161imi esencialnimi aminokislinami, ki jih potrebuje med napori. Zmanj\u0161ujejo razgradnjo mi\u0161ic, \u0161\u010ditijo mi\u0161i\u010dno maso in pospe\u0161ujejo regeneracijo \u017ee med tekom.<\/p>\n\n\n\n<p>\u2e3b<\/p>\n\n\n\n<p><strong>7. Podpora imunskemu sistemu in prebavi \u2013 Glutamin<\/strong><\/p>\n\n\n\n<p><strong>2500 mg glutamina<\/strong>&nbsp;krepi imunski sistem in zdravje \u010drevesja \u2013 dveh podro\u010dij, ki med dolgimi, intenzivnimi treningi najbolj trpita. To pomeni manj prehladov, hitrej\u0161e okrevanje in ve\u010djo odpornost pri visokih trena\u017enih obremenitvah.<\/p>\n\n\n\n<p>\u2e3b<\/p>\n\n\n\n<p><strong>8. Hitrej\u0161a regeneracija na poti \u2013 HMB<\/strong><\/p>\n\n\n\n<p>Fuel vsebuje&nbsp;<strong>1000 mg HMB<\/strong>, eno najbolj u\u010dinkovitih aminokislin za zmanj\u0161anje mi\u0161i\u010dnih po\u0161kodb in bole\u010din. Medtem ko drugi tekmovalci za\u010dnejo popu\u0161\u010dati v drugi polovici teka, ti ostane\u0161 mo\u010dan.<\/p>\n\n\n\n<p>\u2e3b<\/p>\n\n\n\n<p><strong>9. Vse-v-enem \u2013 Performance &amp; Shield Matrix<\/strong><\/p>\n\n\n\n<p>Namesto da \u017eonglira\u0161 s petimi razli\u010dnimi dodatki \u2013 pre-workout, BCAA, boosterji, recovery napitki \u2013 Fuel zdru\u017euje vse v enem.&nbsp;<strong>Performance Matrix<\/strong>&nbsp;napaja tvoje telo in um, medtem ko&nbsp;<strong>Shield Matrix<\/strong>&nbsp;\u0161\u010diti mi\u0161ice in imunski sistem. Skupaj ti dajeta vse, kar potrebuje\u0161 za tek in regeneracijo.<\/p>\n\n\n\n<p>\u2e3b<\/p>\n\n\n\n<p><strong>10. Ustvarjen za vzdr\u017eljivostne \u0161portnike kot si ti<\/strong><\/p>\n\n\n\n<p>Fuel ni klasi\u010den \u201cgym pre-workout\u201d. Narejen je za trail teka\u010de, kolesarje, plavalce in vzdr\u017eljivostne \u0161portnike, ki potrebujejo enakomerno mo\u010d, mentalno jasnost in za\u0161\u010dito mi\u0161ic ure in ure. Naj bo 10 km gorski tek ali 100 km ultra \u2013 Fuel te \u017eene naprej brez padcev ali prebavnih te\u017eav.<\/p>\n\n\n\n<p>\u2e3b<\/p>\n\n\n\n<p>&nbsp;<strong>Zaklju\u010dek:<\/strong>&nbsp;Fuel zdru\u017euje energijo, fokus, vzdr\u017eljivost in podporo regeneraciji v eni formuli. Je \u010dist, znanstveno podprt in preizku\u0161en na terenu. \u010ce si resen glede svojih dose\u017ekov in hitrej\u0161ega okrevanja, je Fuel obvezen dodatek.<\/p>\n<\/div>","protected":false},"excerpt":{"rendered":"","protected":false},"author":1,"featured_media":0,"parent":0,"menu_order":5,"comment_status":"closed","ping_status":"closed","template":"","meta":{"_gspb_post_css":".gspb_container-id-gsbp-d375882,.gspb_container-id-gsbp-dc02752{flex-direction:column;box-sizing:border-box}#gspb_container-id-gsbp-d375882.gspb_container>p:last-of-type,#gspb_container-id-gsbp-dc02752.gspb_container>p:last-of-type{margin-bottom:0}#gspb_container-id-gsbp-d375882.gspb_container,#gspb_container-id-gsbp-dc02752.gspb_container{position:relative}","_themeisle_gutenberg_block_has_review":false,"footnotes":""},"class_list":["post-1645","page","type-page","status-publish","hentry"],"blocksy_meta":[],"jetpack_sharing_enabled":true,"_links":{"self":[{"href":"https:\/\/flowdurance.com\/sl\/wp-json\/wp\/v2\/pages\/1645","targetHints":{"allow":["GET"]}}],"collection":[{"href":"https:\/\/flowdurance.com\/sl\/wp-json\/wp\/v2\/pages"}],"about":[{"href":"https:\/\/flowdurance.com\/sl\/wp-json\/wp\/v2\/types\/page"}],"author":[{"embeddable":true,"href":"https:\/\/flowdurance.com\/sl\/wp-json\/wp\/v2\/users\/1"}],"replies":[{"embeddable":true,"href":"https:\/\/flowdurance.com\/sl\/wp-json\/wp\/v2\/comments?post=1645"}],"version-history":[{"count":3,"href":"https:\/\/flowdurance.com\/sl\/wp-json\/wp\/v2\/pages\/1645\/revisions"}],"predecessor-version":[{"id":1729,"href":"https:\/\/flowdurance.com\/sl\/wp-json\/wp\/v2\/pages\/1645\/revisions\/1729"}],"wp:attachment":[{"href":"https:\/\/flowdurance.com\/sl\/wp-json\/wp\/v2\/media?parent=1645"}],"curies":[{"name":"wp","href":"https:\/\/api.w.org\/{rel}","templated":true}]}}